{"id":1122,"date":"2021-02-13T18:35:42","date_gmt":"2021-02-13T17:35:42","guid":{"rendered":"https:\/\/www.kmetijapribrojanu.si\/?page_id=1122"},"modified":"2024-09-05T19:12:10","modified_gmt":"2024-09-05T17:12:10","slug":"domov","status":"publish","type":"page","link":"https:\/\/www.kmetijapribrojanu.si\/","title":{"rendered":"Kmetija pri Brojanu, Dorfarje"},"content":{"rendered":"\n<div class=\"wp-block-columns are-vertically-aligned-top is-layout-flex wp-container-core-columns-is-layout-9d6595d7 wp-block-columns-is-layout-flex\">\n<div class=\"wp-block-column is-vertically-aligned-top is-layout-flow wp-block-column-is-layout-flow\" style=\"flex-basis:100%\">\n<div class=\"wp-block-columns is-layout-flex wp-container-core-columns-is-layout-9d6595d7 wp-block-columns-is-layout-flex\">\n<div class=\"wp-block-column is-layout-flow wp-block-column-is-layout-flow\" style=\"flex-basis:100%\">\n<div class=\"wp-block-columns is-layout-flex wp-container-core-columns-is-layout-9d6595d7 wp-block-columns-is-layout-flex\">\n<div class=\"wp-block-column is-layout-flow wp-block-column-is-layout-flow\">\n<figure class=\"wp-block-image size-large\"><a href=\"https:\/\/www.kmetijapribrojanu.si\/wp-content\/uploads\/ngg_featured\/dsc_0260-1277-x-855.jpg\"><img loading=\"lazy\" decoding=\"async\" width=\"1277\" height=\"719\" src=\"https:\/\/www.kmetijapribrojanu.si\/wp-content\/uploads\/2021\/02\/dsc_0260-1277-x-855-edited.jpg\" alt=\"\" class=\"wp-image-1137\" srcset=\"https:\/\/www.kmetijapribrojanu.si\/wp-content\/uploads\/2021\/02\/dsc_0260-1277-x-855-edited.jpg 1277w, https:\/\/www.kmetijapribrojanu.si\/wp-content\/uploads\/2021\/02\/dsc_0260-1277-x-855-edited-300x169.jpg 300w, https:\/\/www.kmetijapribrojanu.si\/wp-content\/uploads\/2021\/02\/dsc_0260-1277-x-855-edited-1024x577.jpg 1024w, https:\/\/www.kmetijapribrojanu.si\/wp-content\/uploads\/2021\/02\/dsc_0260-1277-x-855-edited-768x432.jpg 768w, https:\/\/www.kmetijapribrojanu.si\/wp-content\/uploads\/2021\/02\/dsc_0260-1277-x-855-edited-250x141.jpg 250w\" sizes=\"auto, (max-width: 1277px) 100vw, 1277px\" \/><\/a><\/figure>\n\n\n\n<p><strong>ODPRTO<\/strong><\/p>\n\n\n\n<p>Prodajalna na kmetiji:<br><strong>vsak torek in petek od 14:00 fo 18:00<\/strong><\/p>\n\n\n\n<p>Avtomat na kmetiji, Dorfarje 24:<br>vsak dan 24 ur<\/p>\n\n\n\n<p>Mlekomat v Podlubniku, \u0160kofja Loka:<br>vsak dan 24 ur<\/p>\n\n\n\n<p>Trgovine:<br>Mle\u010dni butik KGZ Trata, \u0160kofja Loka<br>KGZ \u010ce\u0161njica, \u017delezniki<br>\u0160tacunca, Spodnje Bitnje<\/p>\n<\/div>\n\n\n\n<div class=\"wp-block-column is-layout-flow wp-block-column-is-layout-flow\">\n<figure class=\"wp-block-image size-large is-style-default\"><a href=\"https:\/\/www.kmetijapribrojanu.si\/wp-content\/uploads\/2012\/02\/poltrdi-sir-1230-x-676.jpg\"><img loading=\"lazy\" decoding=\"async\" width=\"1195\" height=\"676\" src=\"https:\/\/www.kmetijapribrojanu.si\/wp-content\/uploads\/2021\/02\/poltrdi-sir-1230-x-676-edited.jpg\" alt=\"\" class=\"wp-image-1145\" srcset=\"https:\/\/www.kmetijapribrojanu.si\/wp-content\/uploads\/2021\/02\/poltrdi-sir-1230-x-676-edited.jpg 1195w, https:\/\/www.kmetijapribrojanu.si\/wp-content\/uploads\/2021\/02\/poltrdi-sir-1230-x-676-edited-300x170.jpg 300w, https:\/\/www.kmetijapribrojanu.si\/wp-content\/uploads\/2021\/02\/poltrdi-sir-1230-x-676-edited-1024x579.jpg 1024w, https:\/\/www.kmetijapribrojanu.si\/wp-content\/uploads\/2021\/02\/poltrdi-sir-1230-x-676-edited-768x434.jpg 768w\" sizes=\"auto, (max-width: 1195px) 100vw, 1195px\" \/><\/a><\/figure>\n\n\n\n<p><strong>MLE\u010cNI IZDELKI<\/strong><\/p>\n\n\n\n<p>Nudimo naslednje mle\u010dne izdelke: mleko, navadni jogurt, \u201cTa dobr\u201d jogurt, sadni jogurt, skuta, skutka s sadjem, maslo, sir Toplar, mladi sir in mladi sir z dodatki, sir za pe\u010denje, kisla smetana, kislo mleko, sirni namaz, sirotka, gr\u0161ki tip jogurta, sadni gr\u0161ki tip jogurta.<\/p>\n\n\n\n<p class=\"has-text-align-left\"><a href=\"https:\/\/www.kmetijapribrojanu.si\/?page_id=12\">Ve\u010d&#8230;<\/a><\/p>\n<\/div>\n\n\n\n<div class=\"wp-block-column is-layout-flow wp-block-column-is-layout-flow\">\n<figure class=\"wp-block-image size-large\"><a href=\"https:\/\/www.kmetijapribrojanu.si\/wp-content\/uploads\/2012\/01\/mlekomat1.jpg\"><img loading=\"lazy\" decoding=\"async\" width=\"368\" height=\"207\" src=\"https:\/\/www.kmetijapribrojanu.si\/wp-content\/uploads\/2021\/02\/mlekomat1-edited.jpg\" alt=\"\" class=\"wp-image-1136\" srcset=\"https:\/\/www.kmetijapribrojanu.si\/wp-content\/uploads\/2021\/02\/mlekomat1-edited.jpg 368w, https:\/\/www.kmetijapribrojanu.si\/wp-content\/uploads\/2021\/02\/mlekomat1-edited-300x169.jpg 300w, https:\/\/www.kmetijapribrojanu.si\/wp-content\/uploads\/2021\/02\/mlekomat1-edited-250x141.jpg 250w\" sizes=\"auto, (max-width: 368px) 100vw, 368px\" \/><\/a><\/figure>\n\n\n\n<p><strong>MLEKOMAT<\/strong><\/p>\n\n\n\n<p>Na\u0161e mleko lahko kupite tudi iz mlekomata v Podlubniku v \u0160kofji Loki. Za prodajo mleka preko mlekomata smo se odlo\u010dili predvsem zato, da bi na\u0161e kakovostno in neobdelano mleko ponudili tudi vam.. Namol\u017eeno mleko le ohladimo na 4\u00b0C in vsak dan sve\u017eega pripeljemo v na\u0161 mlekomat, zato smo prepri\u010dani, da boste nad njim navdu\u0161eni.<\/p>\n<\/div>\n<\/div>\n<\/div>\n<\/div>\n<\/div>\n<\/div>\n","protected":false},"excerpt":{"rendered":"<p>ODPRTO Prodajalna na kmetiji:vsak torek in petek od 14:00 fo 18:00 Avtomat na kmetiji, Dorfarje 24:vsak dan 24 ur Mlekomat v Podlubniku, \u0160kofja Loka:vsak dan&hellip;<\/p>\n","protected":false},"author":1,"featured_media":0,"parent":0,"menu_order":0,"comment_status":"closed","ping_status":"closed","template":"","meta":{"ngg_post_thumbnail":0,"footnotes":""},"class_list":["post-1122","page","type-page","status-publish","hentry"],"_links":{"self":[{"href":"https:\/\/www.kmetijapribrojanu.si\/index.php?rest_route=\/wp\/v2\/pages\/1122","targetHints":{"allow":["GET"]}}],"collection":[{"href":"https:\/\/www.kmetijapribrojanu.si\/index.php?rest_route=\/wp\/v2\/pages"}],"about":[{"href":"https:\/\/www.kmetijapribrojanu.si\/index.php?rest_route=\/wp\/v2\/types\/page"}],"author":[{"embeddable":true,"href":"https:\/\/www.kmetijapribrojanu.si\/index.php?rest_route=\/wp\/v2\/users\/1"}],"replies":[{"embeddable":true,"href":"https:\/\/www.kmetijapribrojanu.si\/index.php?rest_route=%2Fwp%2Fv2%2Fcomments&post=1122"}],"version-history":[{"count":16,"href":"https:\/\/www.kmetijapribrojanu.si\/index.php?rest_route=\/wp\/v2\/pages\/1122\/revisions"}],"predecessor-version":[{"id":1323,"href":"https:\/\/www.kmetijapribrojanu.si\/index.php?rest_route=\/wp\/v2\/pages\/1122\/revisions\/1323"}],"wp:attachment":[{"href":"https:\/\/www.kmetijapribrojanu.si\/index.php?rest_route=%2Fwp%2Fv2%2Fmedia&parent=1122"}],"curies":[{"name":"wp","href":"https:\/\/api.w.org\/{rel}","templated":true}]}}