{"id":180,"date":"2012-02-08T12:25:29","date_gmt":"2012-02-08T11:25:29","guid":{"rendered":"http:\/\/www.kmetijapribrojanu.si\/?page_id=180"},"modified":"2013-05-28T22:55:17","modified_gmt":"2013-05-28T20:55:17","slug":"sirotka","status":"publish","type":"page","link":"https:\/\/www.kmetijapribrojanu.si\/?page_id=180","title":{"rendered":"Sirotka"},"content":{"rendered":"<p style=\"text-align: center;\"><a href=\"http:\/\/www.kmetijapribrojanu.si\/wp-content\/uploads\/2012\/02\/sirotka-597-x-5782.jpg\"><img loading=\"lazy\" decoding=\"async\" class=\"size-medium wp-image-183\" title=\"sirotka (597 x 578)\" src=\"http:\/\/www.kmetijapribrojanu.si\/wp-content\/uploads\/2012\/02\/sirotka-597-x-5782-300x290.jpg\" alt=\"\" width=\"300\" height=\"290\" srcset=\"https:\/\/www.kmetijapribrojanu.si\/wp-content\/uploads\/2012\/02\/sirotka-597-x-5782-300x290.jpg 300w, https:\/\/www.kmetijapribrojanu.si\/wp-content\/uploads\/2012\/02\/sirotka-597-x-5782.jpg 597w\" sizes=\"auto, (max-width: 300px) 100vw, 300px\" \/><\/a><\/p>\n<p><span style=\"font-size: medium;\">Sirotka nastane kot vzporedni izdelek pri proizvodnji skute in je prehransko najkakovostnej\u0161i proizvod mleka. Sirotka je krep\u010dilna teko\u010da hrana, ki uravnava presnovo in pospe\u0161uje razstrupljevalne in \u010distilne procese v telesu, saj spodbuja delovanje ledvic, jeter in \u017eol\u010dnika. Zaradi beljakovin, ki se razmeroma hitro vsrkajo v organizem in omogo\u010dajo hitrej\u0161o obnovo celic, je \u0161e posebej priljubljena med \u0161portniki. Ker je rahlo odvajalna, dobrodejno vpliva na prebavila, zaradi laktoze pa spodbuja razvoj zdravju koristne mikroflore v debelem \u010drevesu.<\/span><\/p>\n<p><span style=\"font-size: medium;\">Mle\u010dna motnost sirotke je naraven pojav zaradi prisotnosti sirotkinih beljakovin, ki se med hranjenjem usedejo na dno. Zato plastenko s sirotko pred uporabo narahlo pretresemo.<\/span><\/p>\n<p><span style=\"font-size: medium;\"><em><strong>Na voljo v plastenkah po 1 l.<\/strong><\/em><\/span><\/p>\n","protected":false},"excerpt":{"rendered":"<p>Sirotka nastane kot vzporedni izdelek pri proizvodnji skute in je prehransko najkakovostnej\u0161i proizvod mleka. Sirotka je krep\u010dilna teko\u010da hrana, ki uravnava presnovo in pospe\u0161uje razstrupljevalne&hellip;<\/p>\n","protected":false},"author":1,"featured_media":0,"parent":12,"menu_order":0,"comment_status":"open","ping_status":"closed","template":"","meta":{"ngg_post_thumbnail":0,"footnotes":""},"class_list":["post-180","page","type-page","status-publish","hentry"],"_links":{"self":[{"href":"https:\/\/www.kmetijapribrojanu.si\/index.php?rest_route=\/wp\/v2\/pages\/180","targetHints":{"allow":["GET"]}}],"collection":[{"href":"https:\/\/www.kmetijapribrojanu.si\/index.php?rest_route=\/wp\/v2\/pages"}],"about":[{"href":"https:\/\/www.kmetijapribrojanu.si\/index.php?rest_route=\/wp\/v2\/types\/page"}],"author":[{"embeddable":true,"href":"https:\/\/www.kmetijapribrojanu.si\/index.php?rest_route=\/wp\/v2\/users\/1"}],"replies":[{"embeddable":true,"href":"https:\/\/www.kmetijapribrojanu.si\/index.php?rest_route=%2Fwp%2Fv2%2Fcomments&post=180"}],"version-history":[{"count":9,"href":"https:\/\/www.kmetijapribrojanu.si\/index.php?rest_route=\/wp\/v2\/pages\/180\/revisions"}],"predecessor-version":[{"id":603,"href":"https:\/\/www.kmetijapribrojanu.si\/index.php?rest_route=\/wp\/v2\/pages\/180\/revisions\/603"}],"up":[{"embeddable":true,"href":"https:\/\/www.kmetijapribrojanu.si\/index.php?rest_route=\/wp\/v2\/pages\/12"}],"wp:attachment":[{"href":"https:\/\/www.kmetijapribrojanu.si\/index.php?rest_route=%2Fwp%2Fv2%2Fmedia&parent=180"}],"curies":[{"name":"wp","href":"https:\/\/api.w.org\/{rel}","templated":true}]}}