{"id":198,"date":"2012-02-08T12:55:25","date_gmt":"2012-02-08T11:55:25","guid":{"rendered":"http:\/\/www.kmetijapribrojanu.si\/?page_id=198"},"modified":"2021-02-13T22:05:18","modified_gmt":"2021-02-13T21:05:18","slug":"navadni-jogurt","status":"publish","type":"page","link":"https:\/\/www.kmetijapribrojanu.si\/?page_id=198","title":{"rendered":"Jogurti"},"content":{"rendered":"\n<div class=\"wp-block-columns is-layout-flex wp-container-core-columns-is-layout-9d6595d7 wp-block-columns-is-layout-flex\">\n<div class=\"wp-block-column is-layout-flow wp-block-column-is-layout-flow\" style=\"flex-basis:66.66%\">\n<p><strong>NAVADNI JOGURT<\/strong><\/p>\n\n\n\n<p>Jogurt je najstarej\u0161i in eden najbolj znanih mle\u010dnih izdelkov, saj ga proizvajajo in u\u017eivajo povsod po svetu. Nastane z bakterijsko fermentacijo mleka. Vsebuje veliko mle\u010dnih beljakovin, kalcija in vitaminov. Je lahko prebavljiv, ima pozitiven vpliv na prebavni trakt in zni\u017eevanje holesterola, k \u010demur pripomorejo tudi kulture \u017eivih mikroorganizmov vrst Lactobacillus bulgaricus in Streptococcus thermophilus. Redno u\u017eivanje jogurta dokazano pripomore k izgubljanju odve\u010dnih kilogramov in telesnih ma\u0161\u010dob.<\/p>\n\n\n\n<p>Na voljo v plastenkah po 0,25 l, 0,5 l in 1 l.<\/p>\n\n\n<\/div>\n\n\n\n<div class=\"wp-block-column is-layout-flow wp-block-column-is-layout-flow\" style=\"flex-basis:33.33%\">\n<figure class=\"wp-block-image size-medium is-resized\"><a href=\"https:\/\/www.kmetijapribrojanu.si\/wp-content\/uploads\/2012\/02\/jogurt-navadni-3-648-x-760.jpg\"><img decoding=\"async\" src=\"https:\/\/www.kmetijapribrojanu.si\/wp-content\/uploads\/2012\/02\/jogurt-navadni-3-648-x-760-255x300.jpg\" alt=\"\" class=\"wp-image-200\" width=\"300\" srcset=\"https:\/\/www.kmetijapribrojanu.si\/wp-content\/uploads\/2012\/02\/jogurt-navadni-3-648-x-760-255x300.jpg 255w, https:\/\/www.kmetijapribrojanu.si\/wp-content\/uploads\/2012\/02\/jogurt-navadni-3-648-x-760.jpg 648w\" sizes=\"(max-width: 255px) 100vw, 255px\" \/><\/a><\/figure>\n<\/div>\n<\/div>\n\n\n\n<div class=\"wp-block-columns is-layout-flex wp-container-core-columns-is-layout-9d6595d7 wp-block-columns-is-layout-flex\">\n<div class=\"wp-block-column is-layout-flow wp-block-column-is-layout-flow\" style=\"flex-basis:66.66%\">\n<p><strong>&#8220;TA DOBR&#8221; JOGURT<\/strong><\/p>\n\n\n\n<p>\u201cTa dobr\u201d jogurt poleg omenjenih mikrobov vsebuje tudi sestavine, ki \u0161e dodatno pozitivno delujejo na sestavo in delovanje prebavnega trakta in v primeru zmanj\u0161ane naravne odpornosti pripomorejo k obnovi poru\u0161enega ravnovesja.<\/p>\n\n\n\n<p>Na voljo v plastenkah po 0,25 l, 0,5 l in 1 l.<\/p>\n<\/div>\n\n\n\n<div class=\"wp-block-column is-layout-flow wp-block-column-is-layout-flow\" style=\"flex-basis:33.33%\">\n<figure class=\"wp-block-image size-medium\"><a href=\"https:\/\/www.kmetijapribrojanu.si\/wp-content\/uploads\/2012\/02\/probioti\u010dni-jogurt.jpg\"><img loading=\"lazy\" decoding=\"async\" width=\"300\" height=\"220\" src=\"https:\/\/www.kmetijapribrojanu.si\/wp-content\/uploads\/2012\/02\/probioti\u010dni-jogurt-300x220.jpg\" alt=\"\" class=\"wp-image-229\" srcset=\"https:\/\/www.kmetijapribrojanu.si\/wp-content\/uploads\/2012\/02\/probioti\u010dni-jogurt-300x220.jpg 300w, https:\/\/www.kmetijapribrojanu.si\/wp-content\/uploads\/2012\/02\/probioti\u010dni-jogurt-1024x754.jpg 1024w\" sizes=\"auto, (max-width: 300px) 100vw, 300px\" \/><\/a><\/figure>\n<\/div>\n<\/div>\n\n\n\n<div class=\"wp-block-columns is-layout-flex wp-container-core-columns-is-layout-9d6595d7 wp-block-columns-is-layout-flex\">\n<div class=\"wp-block-column is-layout-flow wp-block-column-is-layout-flow\" style=\"flex-basis:66.66%\">\n<p><strong>SADNI JOGURT<\/strong><\/p>\n\n\n\n<p>Odlika na\u0161ega sadnega jogurta je v dodanem naravnem sadju in zato ne zmanj\u0161a pozitivnih u\u010dinkov na zdravje in po\u010dutje.<\/p>\n\n\n\n<p>Okusi: jagoda, gozdni sade\u017ei, malina, borovnica, vi\u0161nja, vanilija, pe\u010deno jabolko<\/p>\n\n\n\n<p>Na voljo v plastenkah po 0,25 l in 0,5 l.<\/p>\n\n\n<\/div>\n\n\n\n<div class=\"wp-block-column is-layout-flow wp-block-column-is-layout-flow\" style=\"flex-basis:33.33%\">\n<figure class=\"wp-block-image size-medium\"><a href=\"https:\/\/www.kmetijapribrojanu.si\/wp-content\/uploads\/2012\/02\/sadni-jogurt-892-x-555.jpg\"><img loading=\"lazy\" decoding=\"async\" width=\"300\" height=\"186\" src=\"https:\/\/www.kmetijapribrojanu.si\/wp-content\/uploads\/2012\/02\/sadni-jogurt-892-x-555-300x186.jpg\" alt=\"\" class=\"wp-image-208\" srcset=\"https:\/\/www.kmetijapribrojanu.si\/wp-content\/uploads\/2012\/02\/sadni-jogurt-892-x-555-300x186.jpg 300w, https:\/\/www.kmetijapribrojanu.si\/wp-content\/uploads\/2012\/02\/sadni-jogurt-892-x-555.jpg 892w\" sizes=\"auto, (max-width: 300px) 100vw, 300px\" \/><\/a><\/figure>\n<\/div>\n<\/div>\n\n\n\n<div class=\"wp-block-columns is-layout-flex wp-container-core-columns-is-layout-9d6595d7 wp-block-columns-is-layout-flex\">\n<div class=\"wp-block-column is-layout-flow wp-block-column-is-layout-flow\">\n<p><strong>GR\u0160KI TIP JOGURTA<\/strong><\/p>\n\n\n\n<p>Ponujamo tudi gr\u0161ki tip jogurta z ali brez sadja.<\/p>\n<\/div>\n<\/div>\n","protected":false},"excerpt":{"rendered":"<p>NAVADNI JOGURT Jogurt je najstarej\u0161i in eden najbolj znanih mle\u010dnih izdelkov, saj ga proizvajajo in u\u017eivajo povsod po svetu. Nastane z bakterijsko fermentacijo mleka. Vsebuje&hellip;<\/p>\n","protected":false},"author":1,"featured_media":0,"parent":12,"menu_order":0,"comment_status":"closed","ping_status":"closed","template":"","meta":{"ngg_post_thumbnail":0,"footnotes":""},"class_list":["post-198","page","type-page","status-publish","hentry"],"_links":{"self":[{"href":"https:\/\/www.kmetijapribrojanu.si\/index.php?rest_route=\/wp\/v2\/pages\/198","targetHints":{"allow":["GET"]}}],"collection":[{"href":"https:\/\/www.kmetijapribrojanu.si\/index.php?rest_route=\/wp\/v2\/pages"}],"about":[{"href":"https:\/\/www.kmetijapribrojanu.si\/index.php?rest_route=\/wp\/v2\/types\/page"}],"author":[{"embeddable":true,"href":"https:\/\/www.kmetijapribrojanu.si\/index.php?rest_route=\/wp\/v2\/users\/1"}],"replies":[{"embeddable":true,"href":"https:\/\/www.kmetijapribrojanu.si\/index.php?rest_route=%2Fwp%2Fv2%2Fcomments&post=198"}],"version-history":[{"count":26,"href":"https:\/\/www.kmetijapribrojanu.si\/index.php?rest_route=\/wp\/v2\/pages\/198\/revisions"}],"predecessor-version":[{"id":1232,"href":"https:\/\/www.kmetijapribrojanu.si\/index.php?rest_route=\/wp\/v2\/pages\/198\/revisions\/1232"}],"up":[{"embeddable":true,"href":"https:\/\/www.kmetijapribrojanu.si\/index.php?rest_route=\/wp\/v2\/pages\/12"}],"wp:attachment":[{"href":"https:\/\/www.kmetijapribrojanu.si\/index.php?rest_route=%2Fwp%2Fv2%2Fmedia&parent=198"}],"curies":[{"name":"wp","href":"https:\/\/api.w.org\/{rel}","templated":true}]}}