{"id":203,"date":"2012-02-08T12:58:43","date_gmt":"2012-02-08T11:58:43","guid":{"rendered":"http:\/\/www.kmetijapribrojanu.si\/?page_id=203"},"modified":"2021-02-13T22:03:02","modified_gmt":"2021-02-13T21:03:02","slug":"mleko","status":"publish","type":"page","link":"https:\/\/www.kmetijapribrojanu.si\/?page_id=203","title":{"rendered":"Mleko"},"content":{"rendered":"\n<div class=\"wp-block-columns is-layout-flex wp-container-core-columns-is-layout-9d6595d7 wp-block-columns-is-layout-flex\">\n<div class=\"wp-block-column is-layout-flow wp-block-column-is-layout-flow\">\n<div class=\"wp-block-columns is-layout-flex wp-container-core-columns-is-layout-9d6595d7 wp-block-columns-is-layout-flex\">\n<div class=\"wp-block-column is-layout-flow wp-block-column-is-layout-flow\" style=\"flex-basis:66.66%\">\n<p><strong>SVE\u017dE SUROVO MLEKO<\/strong><\/p>\n\n\n\n<p>Sve\u017ee surovo mleko je tisto, ki je v naravnem stanju tako, kot smo ga pridobili od krave. Su\u00adro\u00advo mle\u00adko po\u00adleg vode, be\u00adlja\u00adko\u00advin, ma\u0161\u00ad\u010dob in lak\u00adto\u00adze vse\u00adbu\u00adje \u0161e mi\u00adne\u00adra\u00adle, vi\u00adta\u00admi\u00adne in encime. Je visokovredno \u017eivilo, hkrati pa lahko prebavljivo in koristno za na\u0161 imunski sistem, zato je mleko nepogre\u0161ljiv del vsakodnevne uravnote\u017eene prehrane. Z dvema kozarcema mleka na dan telesu zagotovimo ve\u010d kot polovico dnevnih potreb po kalciju.<\/p>\n<\/div>\n\n\n\n<div class=\"wp-block-column is-layout-flow wp-block-column-is-layout-flow\" style=\"flex-basis:33.33%\">\n<figure class=\"wp-block-image size-medium is-resized\"><a href=\"https:\/\/www.kmetijapribrojanu.si\/wp-content\/uploads\/2012\/02\/mleko-648-x-856.jpg\"><img decoding=\"async\" src=\"https:\/\/www.kmetijapribrojanu.si\/wp-content\/uploads\/2012\/02\/mleko-648-x-856-227x300.jpg\" alt=\"\" class=\"wp-image-204\" width=\"300\" srcset=\"https:\/\/www.kmetijapribrojanu.si\/wp-content\/uploads\/2012\/02\/mleko-648-x-856-227x300.jpg 227w, https:\/\/www.kmetijapribrojanu.si\/wp-content\/uploads\/2012\/02\/mleko-648-x-856.jpg 648w\" sizes=\"(max-width: 227px) 100vw, 227px\" \/><\/a><\/figure>\n<\/div>\n<\/div>\n<\/div>\n<\/div>\n\n\n\n<div class=\"wp-block-columns is-layout-flex wp-container-core-columns-is-layout-9d6595d7 wp-block-columns-is-layout-flex\">\n<div class=\"wp-block-column is-layout-flow wp-block-column-is-layout-flow\" style=\"flex-basis:66.66%\">\n<p><strong>KISLO MLEKO<\/strong><\/p>\n\n\n\n<p>Za kislo mleko lahko re\u010demo, da je slovenska narodna jed. V preteklosti je bil tipi\u010den dodatek k \u017egancem za zajtrk in h krompirju v oblicah za kosilo. Kislo mleko ni samo prijetnega okusa, temve\u010d je tudi zdrav napitek. Vsebuje veliko mle\u010dnokislinski bakterij in s pitjem zakisanega mleka v telo vnesemo mikroorganizme, ki v na\u0161em \u010drevesju zatirajo zdravju \u0161kodljive mikrobe.<\/p>\n\n\n\n<p>Na voljo v plastenkah po 0,25 l in 0,5 l.<\/p>\n<\/div>\n\n\n\n<div class=\"wp-block-column is-layout-flow wp-block-column-is-layout-flow\" style=\"flex-basis:33.33%\">\n<figure class=\"wp-block-image size-medium is-resized\"><a href=\"https:\/\/www.kmetijapribrojanu.si\/wp-content\/uploads\/2012\/02\/kislo-mleko-995-x-779.jpg\"><img decoding=\"async\" src=\"https:\/\/www.kmetijapribrojanu.si\/wp-content\/uploads\/2012\/02\/kislo-mleko-995-x-779-300x234.jpg\" alt=\"\" class=\"wp-image-331\" width=\"300\" srcset=\"https:\/\/www.kmetijapribrojanu.si\/wp-content\/uploads\/2012\/02\/kislo-mleko-995-x-779-300x234.jpg 300w, https:\/\/www.kmetijapribrojanu.si\/wp-content\/uploads\/2012\/02\/kislo-mleko-995-x-779.jpg 995w\" sizes=\"(max-width: 300px) 100vw, 300px\" \/><\/a><\/figure>\n<\/div>\n<\/div>\n\n\n\n<p><span style=\"font-size: medium;\"><strong>ALI JE V MLEKU VELIKO HOLESTEROLA?<\/strong><\/span><\/p>\n\n\n\n<p><span style=\"font-size: medium;\">V \u017eivilih \u017eivalskega izvora je tudi holesterol. V mleku s 3,2% mle\u010dne ma\u0161\u010dobe je 12 mg holesterola na 100 g mleka, medtem ko 100 g kuhane \u0161unke vsebuje 60 mg holesterola, 100 g postrvi pa 56 mg holesterola. Torej je mi\u0161ljenje, da je v mleku veliko holesterola, zmotno.<\/span><\/p>\n","protected":false},"excerpt":{"rendered":"<p>SVE\u017dE SUROVO MLEKO Sve\u017ee surovo mleko je tisto, ki je v naravnem stanju tako, kot smo ga pridobili od krave. Su\u00adro\u00advo mle\u00adko po\u00adleg vode, be\u00adlja\u00adko\u00advin,&hellip;<\/p>\n","protected":false},"author":1,"featured_media":0,"parent":12,"menu_order":0,"comment_status":"closed","ping_status":"closed","template":"","meta":{"ngg_post_thumbnail":0,"footnotes":""},"class_list":["post-203","page","type-page","status-publish","hentry"],"_links":{"self":[{"href":"https:\/\/www.kmetijapribrojanu.si\/index.php?rest_route=\/wp\/v2\/pages\/203","targetHints":{"allow":["GET"]}}],"collection":[{"href":"https:\/\/www.kmetijapribrojanu.si\/index.php?rest_route=\/wp\/v2\/pages"}],"about":[{"href":"https:\/\/www.kmetijapribrojanu.si\/index.php?rest_route=\/wp\/v2\/types\/page"}],"author":[{"embeddable":true,"href":"https:\/\/www.kmetijapribrojanu.si\/index.php?rest_route=\/wp\/v2\/users\/1"}],"replies":[{"embeddable":true,"href":"https:\/\/www.kmetijapribrojanu.si\/index.php?rest_route=%2Fwp%2Fv2%2Fcomments&post=203"}],"version-history":[{"count":11,"href":"https:\/\/www.kmetijapribrojanu.si\/index.php?rest_route=\/wp\/v2\/pages\/203\/revisions"}],"predecessor-version":[{"id":1229,"href":"https:\/\/www.kmetijapribrojanu.si\/index.php?rest_route=\/wp\/v2\/pages\/203\/revisions\/1229"}],"up":[{"embeddable":true,"href":"https:\/\/www.kmetijapribrojanu.si\/index.php?rest_route=\/wp\/v2\/pages\/12"}],"wp:attachment":[{"href":"https:\/\/www.kmetijapribrojanu.si\/index.php?rest_route=%2Fwp%2Fv2%2Fmedia&parent=203"}],"curies":[{"name":"wp","href":"https:\/\/api.w.org\/{rel}","templated":true}]}}