{"id":211,"date":"2012-02-08T13:04:52","date_gmt":"2012-02-08T12:04:52","guid":{"rendered":"http:\/\/www.kmetijapribrojanu.si\/?page_id=211"},"modified":"2021-02-14T08:01:49","modified_gmt":"2021-02-14T07:01:49","slug":"maslo","status":"publish","type":"page","link":"https:\/\/www.kmetijapribrojanu.si\/?page_id=211","title":{"rendered":"Razno"},"content":{"rendered":"\n<div class=\"wp-block-columns is-layout-flex wp-container-core-columns-is-layout-9d6595d7 wp-block-columns-is-layout-flex\">\n<div class=\"wp-block-column is-layout-flow wp-block-column-is-layout-flow\" style=\"flex-basis:66.66%\">\n<p><strong>MASLO<\/strong><\/p>\n\n\n\n<p><span style=\"font-size: medium;\">Maslo je mle\u010dni izdelek, pridobljen iz sladke smetane. Vsebuje vsaj 80% mle\u010dne ma\u0161\u010dobe, poleg tega pa tudi mle\u010dni sladkor, beljakovine, rudnine in lipidotopne vitamine. Maslo je nepogre\u0161ljiv del zajtrkov, veliko se uporablja pri kuhanju in peki. Zaradi visokega dele\u017ea ma\u0161\u010dob je smiselno po njem posegati v zmernih koli\u010dinah, vendar pa je klub vsemu bolj zdrav od olja in margarine. V primerjavi z oljem ima maslo manj ma\u0161\u010dob in kalorij, margarina pa vsebuje industrijsko pridobljene transma\u0161\u010dobne kisline, ki so zdravju bolj \u0161kodljive od holesterola.<\/span><\/p>\n\n\n\n<p><span style=\"font-size: medium;\">Nasvet za bolj\u0161o mazljivost: maslo pokrijemo s skodelico, ki smo jo prej oplaknili z vrelo vodo. Tako se bo maslo zmeh\u010dalo, ne pa tudi stopilo.<\/span><\/p>\n\n\n\n<p><span style=\"font-size: medium;\">Na voljo v zavitkih po 125 g in 250 g.<\/span><\/p>\n\n\n<\/div>\n\n\n\n<div class=\"wp-block-column is-layout-flow wp-block-column-is-layout-flow\" style=\"flex-basis:33.33%\">\n<figure class=\"wp-block-image size-medium\"><a href=\"https:\/\/www.kmetijapribrojanu.si\/wp-content\/uploads\/2012\/02\/maslo-vrtnica-968-x-553.jpg\"><img loading=\"lazy\" decoding=\"async\" width=\"300\" height=\"171\" src=\"https:\/\/www.kmetijapribrojanu.si\/wp-content\/uploads\/2012\/02\/maslo-vrtnica-968-x-553-300x171.jpg\" alt=\"\" class=\"wp-image-212\" srcset=\"https:\/\/www.kmetijapribrojanu.si\/wp-content\/uploads\/2012\/02\/maslo-vrtnica-968-x-553-300x171.jpg 300w, https:\/\/www.kmetijapribrojanu.si\/wp-content\/uploads\/2012\/02\/maslo-vrtnica-968-x-553.jpg 968w\" sizes=\"auto, (max-width: 300px) 100vw, 300px\" \/><\/a><\/figure>\n<\/div>\n<\/div>\n\n\n\n<div class=\"wp-block-columns is-layout-flex wp-container-core-columns-is-layout-9d6595d7 wp-block-columns-is-layout-flex\">\n<div class=\"wp-block-column is-layout-flow wp-block-column-is-layout-flow\" style=\"flex-basis:66.66%\">\n<p><strong>KISLA SMETANA<\/strong><\/p>\n\n\n\n<p>Na voljo v lon\u010dkih po 250g.<\/p>\n<\/div>\n\n\n\n<div class=\"wp-block-column is-layout-flow wp-block-column-is-layout-flow\" style=\"flex-basis:33.33%\">\n<figure class=\"wp-block-image size-medium is-resized\"><a href=\"https:\/\/www.kmetijapribrojanu.si\/wp-content\/uploads\/2012\/02\/kislasmetana1-506-x-805.jpg\"><img decoding=\"async\" src=\"https:\/\/www.kmetijapribrojanu.si\/wp-content\/uploads\/2012\/02\/kislasmetana1-506-x-805-188x300.jpg\" alt=\"\" class=\"wp-image-329\" width=\"300\" srcset=\"https:\/\/www.kmetijapribrojanu.si\/wp-content\/uploads\/2012\/02\/kislasmetana1-506-x-805-188x300.jpg 188w, https:\/\/www.kmetijapribrojanu.si\/wp-content\/uploads\/2012\/02\/kislasmetana1-506-x-805.jpg 506w\" sizes=\"(max-width: 188px) 100vw, 188px\" \/><\/a><\/figure>\n<\/div>\n<\/div>\n\n\n\n<div class=\"wp-block-columns is-layout-flex wp-container-core-columns-is-layout-9d6595d7 wp-block-columns-is-layout-flex\">\n<div class=\"wp-block-column is-layout-flow wp-block-column-is-layout-flow\" style=\"flex-basis:66.66%\">\n<p><strong>SIROTKA<\/strong><\/p>\n\n\n\n<p>Sirotka nastane kot vzporedni izdelek pri proizvodnji skute in je prehransko najkakovostnej\u0161i proizvod mleka. Sirotka je krep\u010dilna teko\u010da hrana, ki uravnava presnovo in pospe\u0161uje razstrupljevalne in \u010distilne procese v telesu, saj spodbuja delovanje ledvic, jeter in \u017eol\u010dnika. Zaradi beljakovin, ki se razmeroma hitro vsrkajo v organizem in omogo\u010dajo hitrej\u0161o obnovo celic, je \u0161e posebej priljubljena med \u0161portniki. Ker je rahlo odvajalna, dobrodejno vpliva na prebavila, zaradi laktoze pa spodbuja razvoj zdravju koristne mikroflore v debelem \u010drevesu.<\/p>\n\n\n\n<p>Mle\u010dna motnost sirotke je naraven pojav zaradi prisotnosti sirotkinih beljakovin, ki se med hranjenjem usedejo na dno. Zato plastenko s sirotko pred uporabo narahlo pretresemo.<\/p>\n\n\n\n<p>Na voljo v plastenkah po 1 l.<\/p>\n<\/div>\n\n\n\n<div class=\"wp-block-column is-layout-flow wp-block-column-is-layout-flow\" style=\"flex-basis:33.33%\">\n<figure class=\"wp-block-image size-medium\"><a href=\"https:\/\/www.kmetijapribrojanu.si\/wp-content\/uploads\/2012\/02\/sirotka-597-x-578.jpg\"><img loading=\"lazy\" decoding=\"async\" width=\"300\" height=\"290\" src=\"https:\/\/www.kmetijapribrojanu.si\/wp-content\/uploads\/2012\/02\/sirotka-597-x-578-300x290.jpg\" alt=\"\" class=\"wp-image-181\" srcset=\"https:\/\/www.kmetijapribrojanu.si\/wp-content\/uploads\/2012\/02\/sirotka-597-x-578-300x290.jpg 300w, https:\/\/www.kmetijapribrojanu.si\/wp-content\/uploads\/2012\/02\/sirotka-597-x-578.jpg 597w\" sizes=\"auto, (max-width: 300px) 100vw, 300px\" \/><\/a><\/figure>\n<\/div>\n<\/div>\n","protected":false},"excerpt":{"rendered":"<p>MASLO Maslo je mle\u010dni izdelek, pridobljen iz sladke smetane. Vsebuje vsaj 80% mle\u010dne ma\u0161\u010dobe, poleg tega pa tudi mle\u010dni sladkor, beljakovine, rudnine in lipidotopne vitamine.&hellip;<\/p>\n","protected":false},"author":1,"featured_media":0,"parent":12,"menu_order":0,"comment_status":"closed","ping_status":"closed","template":"","meta":{"ngg_post_thumbnail":0,"footnotes":""},"class_list":["post-211","page","type-page","status-publish","hentry"],"_links":{"self":[{"href":"https:\/\/www.kmetijapribrojanu.si\/index.php?rest_route=\/wp\/v2\/pages\/211","targetHints":{"allow":["GET"]}}],"collection":[{"href":"https:\/\/www.kmetijapribrojanu.si\/index.php?rest_route=\/wp\/v2\/pages"}],"about":[{"href":"https:\/\/www.kmetijapribrojanu.si\/index.php?rest_route=\/wp\/v2\/types\/page"}],"author":[{"embeddable":true,"href":"https:\/\/www.kmetijapribrojanu.si\/index.php?rest_route=\/wp\/v2\/users\/1"}],"replies":[{"embeddable":true,"href":"https:\/\/www.kmetijapribrojanu.si\/index.php?rest_route=%2Fwp%2Fv2%2Fcomments&post=211"}],"version-history":[{"count":14,"href":"https:\/\/www.kmetijapribrojanu.si\/index.php?rest_route=\/wp\/v2\/pages\/211\/revisions"}],"predecessor-version":[{"id":1256,"href":"https:\/\/www.kmetijapribrojanu.si\/index.php?rest_route=\/wp\/v2\/pages\/211\/revisions\/1256"}],"up":[{"embeddable":true,"href":"https:\/\/www.kmetijapribrojanu.si\/index.php?rest_route=\/wp\/v2\/pages\/12"}],"wp:attachment":[{"href":"https:\/\/www.kmetijapribrojanu.si\/index.php?rest_route=%2Fwp%2Fv2%2Fmedia&parent=211"}],"curies":[{"name":"wp","href":"https:\/\/api.w.org\/{rel}","templated":true}]}}