{"id":265,"date":"2012-02-10T09:15:15","date_gmt":"2012-02-10T08:15:15","guid":{"rendered":"http:\/\/www.kmetijapribrojanu.si\/?page_id=265"},"modified":"2021-02-13T22:23:34","modified_gmt":"2021-02-13T21:23:34","slug":"poltrdi-sir","status":"publish","type":"page","link":"https:\/\/www.kmetijapribrojanu.si\/?page_id=265","title":{"rendered":"Siri"},"content":{"rendered":"\n<div class=\"wp-block-columns is-layout-flex wp-container-core-columns-is-layout-9d6595d7 wp-block-columns-is-layout-flex\">\n<div class=\"wp-block-column is-layout-flow wp-block-column-is-layout-flow\" style=\"flex-basis:66.66%\">\n<p><strong>SIR TOPLAR<\/strong><\/p>\n\n\n\n<p>Sir Toplar je poltrdi sir.<\/p>\n<\/div>\n\n\n\n<div class=\"wp-block-column is-layout-flow wp-block-column-is-layout-flow\" style=\"flex-basis:33.33%\">\n<figure class=\"wp-block-image size-medium\"><a href=\"https:\/\/www.kmetijapribrojanu.si\/wp-content\/uploads\/2012\/02\/poltrdi-sir-1230-x-676.jpg\"><img loading=\"lazy\" decoding=\"async\" width=\"300\" height=\"164\" src=\"https:\/\/www.kmetijapribrojanu.si\/wp-content\/uploads\/2012\/02\/poltrdi-sir-1230-x-676-300x164.jpg\" alt=\"\" class=\"wp-image-305\" srcset=\"https:\/\/www.kmetijapribrojanu.si\/wp-content\/uploads\/2012\/02\/poltrdi-sir-1230-x-676-300x164.jpg 300w, https:\/\/www.kmetijapribrojanu.si\/wp-content\/uploads\/2012\/02\/poltrdi-sir-1230-x-676-1024x562.jpg 1024w, https:\/\/www.kmetijapribrojanu.si\/wp-content\/uploads\/2012\/02\/poltrdi-sir-1230-x-676.jpg 1230w\" sizes=\"auto, (max-width: 300px) 100vw, 300px\" \/><\/a><\/figure>\n<\/div>\n<\/div>\n\n\n\n<div class=\"wp-block-columns is-layout-flex wp-container-core-columns-is-layout-9d6595d7 wp-block-columns-is-layout-flex\">\n<div class=\"wp-block-column is-layout-flow wp-block-column-is-layout-flow\" style=\"flex-basis:66.66%\">\n<p><strong>MLADI SIR<\/strong><\/p>\n\n\n\n<p>Mladi sir je mehki nezorjen sir.&nbsp;U\u017eijemo ga lahko kot prigrizek, ga dodamo v solate ali omake.<\/p>\n\n\n\n<p>Okusi: navadni in s papriko.<\/p>\n\n\n\n<p>Na voljo v zavitkih po 200g.<\/p>\n\n\n<\/div>\n\n\n\n<div class=\"wp-block-column is-layout-flow wp-block-column-is-layout-flow\" style=\"flex-basis:33.33%\">\n<figure class=\"wp-block-image size-medium\"><a href=\"https:\/\/www.kmetijapribrojanu.si\/wp-content\/uploads\/2012\/02\/mladi-sir-paprika-624-x-624.jpg\"><img loading=\"lazy\" decoding=\"async\" width=\"300\" height=\"300\" src=\"https:\/\/www.kmetijapribrojanu.si\/wp-content\/uploads\/2012\/02\/mladi-sir-paprika-624-x-624-300x300.jpg\" alt=\"\" class=\"wp-image-216\" srcset=\"https:\/\/www.kmetijapribrojanu.si\/wp-content\/uploads\/2012\/02\/mladi-sir-paprika-624-x-624-300x300.jpg 300w, https:\/\/www.kmetijapribrojanu.si\/wp-content\/uploads\/2012\/02\/mladi-sir-paprika-624-x-624-150x150.jpg 150w, https:\/\/www.kmetijapribrojanu.si\/wp-content\/uploads\/2012\/02\/mladi-sir-paprika-624-x-624.jpg 624w\" sizes=\"auto, (max-width: 300px) 100vw, 300px\" \/><\/a><\/figure>\n<\/div>\n<\/div>\n\n\n\n<div class=\"wp-block-columns is-layout-flex wp-container-core-columns-is-layout-9d6595d7 wp-block-columns-is-layout-flex\">\n<div class=\"wp-block-column is-layout-flow wp-block-column-is-layout-flow\" style=\"flex-basis:66.66%\">\n<p><strong>SIR ZA PE\u010cENJE<\/strong><\/p>\n\n\n\n<p>Sir za pe\u010denje spada v skupino sve\u017eih sirov. Narejen je iz pasteriziranega mleka in vsebuje najmanj 45% mle\u010dne ma\u0161\u010dobe v suhi snovi. Pripravljen je tako, da se med segrevanjem ne raztopi in zato je primeren za peko na \u017earu ali v teflonski ponvi. Priprava je hitra in enostavna.<\/p>\n\n\n\n<p>Na voljo v zavitkih po 300 g.<\/p>\n<\/div>\n\n\n\n<div class=\"wp-block-column is-layout-flow wp-block-column-is-layout-flow\" style=\"flex-basis:33.33%\">\n<figure class=\"wp-block-image size-medium\"><a href=\"https:\/\/www.kmetijapribrojanu.si\/wp-content\/uploads\/2012\/02\/sir-za-pe\u010denje-921-x-477.jpg\"><img loading=\"lazy\" decoding=\"async\" width=\"300\" height=\"155\" src=\"https:\/\/www.kmetijapribrojanu.si\/wp-content\/uploads\/2012\/02\/sir-za-pe\u010denje-921-x-477-300x155.jpg\" alt=\"\" class=\"wp-image-191\" srcset=\"https:\/\/www.kmetijapribrojanu.si\/wp-content\/uploads\/2012\/02\/sir-za-pe\u010denje-921-x-477-300x155.jpg 300w, https:\/\/www.kmetijapribrojanu.si\/wp-content\/uploads\/2012\/02\/sir-za-pe\u010denje-921-x-477.jpg 921w\" sizes=\"auto, (max-width: 300px) 100vw, 300px\" \/><\/a><\/figure>\n<\/div>\n<\/div>\n","protected":false},"excerpt":{"rendered":"<p>SIR TOPLAR Sir Toplar je poltrdi sir. MLADI SIR Mladi sir je mehki nezorjen sir.&nbsp;U\u017eijemo ga lahko kot prigrizek, ga dodamo v solate ali omake.&hellip;<\/p>\n","protected":false},"author":1,"featured_media":0,"parent":12,"menu_order":0,"comment_status":"closed","ping_status":"closed","template":"","meta":{"ngg_post_thumbnail":0,"footnotes":""},"class_list":["post-265","page","type-page","status-publish","hentry"],"_links":{"self":[{"href":"https:\/\/www.kmetijapribrojanu.si\/index.php?rest_route=\/wp\/v2\/pages\/265","targetHints":{"allow":["GET"]}}],"collection":[{"href":"https:\/\/www.kmetijapribrojanu.si\/index.php?rest_route=\/wp\/v2\/pages"}],"about":[{"href":"https:\/\/www.kmetijapribrojanu.si\/index.php?rest_route=\/wp\/v2\/types\/page"}],"author":[{"embeddable":true,"href":"https:\/\/www.kmetijapribrojanu.si\/index.php?rest_route=\/wp\/v2\/users\/1"}],"replies":[{"embeddable":true,"href":"https:\/\/www.kmetijapribrojanu.si\/index.php?rest_route=%2Fwp%2Fv2%2Fcomments&post=265"}],"version-history":[{"count":15,"href":"https:\/\/www.kmetijapribrojanu.si\/index.php?rest_route=\/wp\/v2\/pages\/265\/revisions"}],"predecessor-version":[{"id":1248,"href":"https:\/\/www.kmetijapribrojanu.si\/index.php?rest_route=\/wp\/v2\/pages\/265\/revisions\/1248"}],"up":[{"embeddable":true,"href":"https:\/\/www.kmetijapribrojanu.si\/index.php?rest_route=\/wp\/v2\/pages\/12"}],"wp:attachment":[{"href":"https:\/\/www.kmetijapribrojanu.si\/index.php?rest_route=%2Fwp%2Fv2%2Fmedia&parent=265"}],"curies":[{"name":"wp","href":"https:\/\/api.w.org\/{rel}","templated":true}]}}