{"id":5,"date":"2012-01-15T17:07:02","date_gmt":"2012-01-15T16:07:02","guid":{"rendered":"http:\/\/kmetijapribrojanu.si\/?page_id=5"},"modified":"2021-02-13T20:16:02","modified_gmt":"2021-02-13T19:16:02","slug":"o-kmetiji","status":"publish","type":"page","link":"https:\/\/www.kmetijapribrojanu.si\/?page_id=5","title":{"rendered":"O kmetiji"},"content":{"rendered":"\n<div class=\"wp-block-columns is-layout-flex wp-container-core-columns-is-layout-9d6595d7 wp-block-columns-is-layout-flex\">\n<div class=\"wp-block-column is-layout-flow wp-block-column-is-layout-flow\" style=\"flex-basis:100%\">\n<div class=\"wp-block-columns is-layout-flex wp-container-core-columns-is-layout-9d6595d7 wp-block-columns-is-layout-flex\">\n<div class=\"wp-block-column is-layout-flow wp-block-column-is-layout-flow\" style=\"flex-basis:33.33%\">\n<p>Na sodobno urejeni kmetiji pri Brojanu v Dorfarjih na robu Sor\u0161kega polja se ukvarjamo izklju\u010dno s proizvodnjo mleka. Redimo krave lisaste pasme, ki jih krmimo z doma pridelano krmo. V hlevu imamo okrog 40 \u017eivali, od tega je 24 krav molznic, ostalo pa so telice. Mleko krav lisaste pasme je polnej\u0161ega okusa in vsebuje ve\u010d beljakovin, kalcija in vitaminov, mle\u010dna me\u0161\u010doba pa se giblje od 4,0 do 4,6%.<\/p>\n\n\n\n<p>Obdelujemo 7ha travnikov, na katerih pridelujemo seno in 5ha njiv, na katerih rastejo je\u010dmen, detelja in koruza.<\/p>\n\n\n\n<p>Kmetija obstaja \u017ee ve\u010d stoletij, verjetno \u0161e iz \u010dasov, ko so freisin\u0161ki \u0161kofje naselili Sor\u0161ko polje.<\/p>\n\n\n<\/div>\n\n\n\n<div class=\"wp-block-column is-layout-flow wp-block-column-is-layout-flow\" style=\"flex-basis:66.66%\">\nngg_shortcode_0_placeholder\n<\/div>\n<\/div>\n<\/div>\n<\/div>\n\n\n\n<p><strong>NAGRADE<\/strong><\/p>\n\n\n\n<figure class=\"wp-block-table alignwide is-style-regular\"><table class=\"has-fixed-layout\"><tbody><tr><td class=\"has-text-align-center\" data-align=\"center\"><img loading=\"lazy\" decoding=\"async\" width=\"130\" height=\"153\" class=\"wp-image-389\" style=\"width: 130px;\" src=\"https:\/\/www.kmetijapribrojanu.si\/wp-content\/uploads\/2012\/02\/zlato.jpg\" alt=\"\"><br>Zlati znak<\/td><td class=\"has-text-align-center\" data-align=\"center\"><img loading=\"lazy\" decoding=\"async\" width=\"130\" height=\"143\" class=\"wp-image-386\" style=\"width: 130px;\" src=\"https:\/\/www.kmetijapribrojanu.si\/wp-content\/uploads\/2012\/02\/srebrno.jpg\" alt=\"\"><br>Srebrni znak<\/td><td class=\"has-text-align-center\" data-align=\"center\"><img loading=\"lazy\" decoding=\"async\" width=\"130\" height=\"165\" class=\"wp-image-884\" style=\"width: 130px;\" src=\"https:\/\/www.kmetijapribrojanu.si\/wp-content\/uploads\/2013\/05\/DSC_03351.jpg\" alt=\"\" srcset=\"https:\/\/www.kmetijapribrojanu.si\/wp-content\/uploads\/2013\/05\/DSC_03351.jpg 2458w, https:\/\/www.kmetijapribrojanu.si\/wp-content\/uploads\/2013\/05\/DSC_03351-236x300.jpg 236w, https:\/\/www.kmetijapribrojanu.si\/wp-content\/uploads\/2013\/05\/DSC_03351-808x1024.jpg 808w\" sizes=\"auto, (max-width: 130px) 100vw, 130px\" \/><br>3. mesto<\/td><td class=\"has-text-align-center\" data-align=\"center\"><img loading=\"lazy\" decoding=\"async\" width=\"130\" height=\"156\" class=\"wp-image-393\" style=\"width: 130px;\" src=\"https:\/\/www.kmetijapribrojanu.si\/wp-content\/uploads\/2012\/02\/Picture11.jpg\" alt=\"\" srcset=\"https:\/\/www.kmetijapribrojanu.si\/wp-content\/uploads\/2012\/02\/Picture11.jpg 2176w, https:\/\/www.kmetijapribrojanu.si\/wp-content\/uploads\/2012\/02\/Picture11-249x300.jpg 249w, https:\/\/www.kmetijapribrojanu.si\/wp-content\/uploads\/2012\/02\/Picture11-850x1024.jpg 850w\" sizes=\"auto, (max-width: 130px) 100vw, 130px\" \/><br>Zlato priznanje<\/td><\/tr><tr><td class=\"has-text-align-center\" data-align=\"center\">Navadni jogurt, <br>sirni namaz z drobnjakom<\/td><td class=\"has-text-align-center\" data-align=\"center\">Sadni jogurt<\/td><td class=\"has-text-align-center\" data-align=\"center\">Uspe\u0161na promocija in domiselnost pri tr\u017eenju<\/td><td class=\"has-text-align-center\" data-align=\"center\">Navadni jogurt, skuta, sirni namaz z drobnjakom, kajmak, mladi sir s papriko<\/td><\/tr><tr><td class=\"has-text-align-center\" data-align=\"center\"><img decoding=\"async\" src=\"https:\/\/www.kmetijapribrojanu.si\/wp-content\/uploads\/2012\/02\/kakovost-2012.jpg\" alt=\"\" style=\"width: 130px;\"><br>Zlato priznanje<\/td><td class=\"has-text-align-center\" data-align=\"center\"><img decoding=\"async\" src=\"https:\/\/www.kmetijapribrojanu.si\/wp-content\/uploads\/2012\/02\/kakovost-2012.jpg\" alt=\"\" style=\"width: 130px;\"><br>Srebrno priznanje<\/td><td class=\"has-text-align-center\" data-align=\"center\"><img decoding=\"async\" src=\"https:\/\/www.kmetijapribrojanu.si\/wp-content\/uploads\/2013\/05\/kakovost-2013.jpg\" alt=\"\" style=\"width: 130px;\"><br>Zlato priznanje<\/td><td class=\"has-text-align-center\" data-align=\"center\"><img decoding=\"async\" src=\"https:\/\/www.kmetijapribrojanu.si\/wp-content\/uploads\/2013\/05\/kakovost-2013.jpg\" alt=\"\" style=\"width: 130px;\"><br>Srebrno priznanje<\/td><\/tr><tr><td class=\"has-text-align-center\" data-align=\"center\">Skuta, kisla smetana, maslo, sirni namaz z drobnjakom, mladi sir s papriko<\/td><td class=\"has-text-align-center\" data-align=\"center\">Sadni jogurt, skutka s sadjem<\/td><td class=\"has-text-align-center\" data-align=\"center\">Sir Toplar, skuta, kisla smetana, maslo, sirni namaz s \u010desnom in petr\u0161iljem, navadni jogurt, \u201cTa dobr\u201d jogurt, skutka s\u00a0 sadjem<\/td><td class=\"has-text-align-center\" data-align=\"center\">Mladi sir s papriko, sir za pe\u010denje<\/td><\/tr><\/tbody><\/table><\/figure>\n\n\n\n<div class=\"wp-block-columns is-layout-flex wp-container-core-columns-is-layout-9d6595d7 wp-block-columns-is-layout-flex\">\n<div class=\"wp-block-column is-layout-flow wp-block-column-is-layout-flow\"><\/div>\n<\/div>\n","protected":false},"excerpt":{"rendered":"<p>Na sodobno urejeni kmetiji pri Brojanu v Dorfarjih na robu Sor\u0161kega polja se ukvarjamo izklju\u010dno s proizvodnjo mleka. Redimo krave lisaste pasme, ki jih krmimo&hellip;<\/p>\n","protected":false},"author":1,"featured_media":0,"parent":0,"menu_order":0,"comment_status":"closed","ping_status":"closed","template":"","meta":{"ngg_post_thumbnail":0,"footnotes":""},"class_list":["post-5","page","type-page","status-publish","hentry"],"_links":{"self":[{"href":"https:\/\/www.kmetijapribrojanu.si\/index.php?rest_route=\/wp\/v2\/pages\/5","targetHints":{"allow":["GET"]}}],"collection":[{"href":"https:\/\/www.kmetijapribrojanu.si\/index.php?rest_route=\/wp\/v2\/pages"}],"about":[{"href":"https:\/\/www.kmetijapribrojanu.si\/index.php?rest_route=\/wp\/v2\/types\/page"}],"author":[{"embeddable":true,"href":"https:\/\/www.kmetijapribrojanu.si\/index.php?rest_route=\/wp\/v2\/users\/1"}],"replies":[{"embeddable":true,"href":"https:\/\/www.kmetijapribrojanu.si\/index.php?rest_route=%2Fwp%2Fv2%2Fcomments&post=5"}],"version-history":[{"count":38,"href":"https:\/\/www.kmetijapribrojanu.si\/index.php?rest_route=\/wp\/v2\/pages\/5\/revisions"}],"predecessor-version":[{"id":1175,"href":"https:\/\/www.kmetijapribrojanu.si\/index.php?rest_route=\/wp\/v2\/pages\/5\/revisions\/1175"}],"wp:attachment":[{"href":"https:\/\/www.kmetijapribrojanu.si\/index.php?rest_route=%2Fwp%2Fv2%2Fmedia&parent=5"}],"curies":[{"name":"wp","href":"https:\/\/api.w.org\/{rel}","templated":true}]}}